{"id":6,"date":"2018-04-29T22:15:36","date_gmt":"2018-04-29T20:15:36","guid":{"rendered":"https:\/\/login.pluginkollektiv.org\/asb\/?page_id=6"},"modified":"2024-10-16T18:49:34","modified_gmt":"2024-10-16T16:49:34","slug":"frontpage","status":"publish","type":"page","link":"https:\/\/cachify.pluginkollektiv.org\/de\/","title":{"rendered":"Cachify"},"content":{"rendered":"<div class=\"wp-block-image\">\n<figure class=\"alignleft size-full\"><img loading=\"lazy\" decoding=\"async\" width=\"256\" height=\"256\" src=\"https:\/\/cachify.pluginkollektiv.org\/de\/wp-content\/uploads\/sites\/11\/2020\/05\/icon-256x256-1.png\" alt=\"\" class=\"wp-image-65\" srcset=\"https:\/\/cachify.pluginkollektiv.org\/de\/wp-content\/uploads\/sites\/11\/2020\/05\/icon-256x256-1.png 256w, https:\/\/cachify.pluginkollektiv.org\/de\/wp-content\/uploads\/sites\/11\/2020\/05\/icon-256x256-1-150x150.png 150w\" sizes=\"auto, (max-width: 256px) 100vw, 256px\" \/><\/figure>\n<\/div>\n\n\n<p><em>Cachify<\/em> optimiert die Ladezeiten der Seite, indem Beitr\u00e4ge, Seiten und individuellen Inhaltstypen als statische Inhalte zwischengespeichert werden. Du kannst zwischen der Datenbank, der Web-Server-Festplatte (HDD) und Memcached oder Redis als externem Memory Cache w\u00e4hlen. Jedes Mal, wenn eine Seite oder Beitrag geladen wird, kann es direkt aus dem Zwischenspeicher geladen werden. Die Menge der Datenbankabfragen und PHP-Anfragen wird drastisch sinken, abh\u00e4ngig von der Cache-Methode, die du gew\u00e4hlt hast.<\/p>\n\n\n\n<div class=\"wp-block-columns has-3-columns is-layout-flex wp-container-core-columns-is-layout-9d6595d7 wp-block-columns-is-layout-flex\">\n<div class=\"wp-block-column is-layout-flow wp-block-column-is-layout-flow\">\n<div class=\"wp-block-button\"><a class=\"wp-block-button__link wp-element-button\" href=\"https:\/\/de.wordpress.org\/plugins\/cachify\/\">Download<\/a><\/div>\n<\/div>\n\n\n\n<div class=\"wp-block-column is-layout-flow wp-block-column-is-layout-flow\">\n<div class=\"wp-block-button\"><a class=\"wp-block-button__link wp-element-button\" href=\"https:\/\/wordpress.org\/support\/plugin\/cachify\/\">Support Forums<\/a><\/div>\n<\/div>\n\n\n\n<div class=\"wp-block-column is-layout-flow wp-block-column-is-layout-flow\">\n<div class=\"wp-block-button\"><a class=\"wp-block-button__link wp-element-button\" href=\"https:\/\/cachify.pluginkollektiv.org\/de\/documentation\/\">Documentation<\/a><\/div>\n\n\n\n<p><\/p>\n<\/div>\n<\/div>\n\n\n\n<h2 class=\"wp-block-heading\">Funktionen<\/h2>\n\n\n\n<ul class=\"wp-block-list\">\n<li>Funktioniert mit Individuellen Inhaltstypen.<\/li>\n\n\n\n<li>Cache-Methoden: DB, HDD, Memcached und Redis.<\/li>\n\n\n\n<li>\u201eCache leeren\u201c-Button in der WordPress-Werkzeugleiste.<\/li>\n\n\n\n<li>Kompatibel mit WordPress-Netzwerken (Multisite).<\/li>\n\n\n\n<li>Optimale Komprimierung von HTML-Markup.<\/li>\n\n\n\n<li>Wei\u00dfe Listen f\u00fcr Beitr\u00e4ge und User Agents.<\/li>\n\n\n\n<li>Manuelles und automatisches Zur\u00fccksetzen des Caches.<\/li>\n\n\n\n<li>Automatische Cache-Verwaltung.<\/li>\n\n\n\n<li>Dashboard Widget f\u00fcr die im Cache gespeicherten Objekte.<\/li>\n\n\n\n<li>Einstellungen f\u00fcr Apache und Nginx-Server.<\/li>\n\n\n\n<li>Erweiterbar mit Hooks\/Filter.<\/li>\n<\/ul>\n\n\n\n<h2 class=\"wp-block-heading\">Support<\/h2>\n\n\n\n<p>Wie bieten mehrer Anlaufstellen zur Unterst\u00fctzung an:<\/p>\n\n\n\n<ul class=\"wp-block-list\">\n<li>Community Support \u00fcber das <a href=\"https:\/\/wordpress.org\/support\/plugin\/cachify\/\">Support Forum auf wordpress.org<\/a><\/li>\n\n\n\n<li>Online-<a href=\"https:\/\/cachify.pluginkollektiv.org\/de\/documentation\/\">Dokumentation<\/a><\/li>\n<\/ul>\n\n\n\n<p>Wie bieten&nbsp;<em>keinen<\/em>&nbsp;Support E-Mail, Twitter, GitHub Issues oder \u00e4hnlichem.<\/p>\n\n\n\n<h2 class=\"wp-block-heading\">Mitmachen<\/h2>\n\n\n\n<ul class=\"wp-block-list\">\n<li>Die aktive Entwicklung des Plugins findet\u00a0<a href=\"https:\/\/github.com\/pluginkollektiv\/cachify\">auf GitHub<\/a> statt.<\/li>\n\n\n\n<li>Pull Requests f\u00fcr dokumentierte Fehler sind sehr willkommen.<\/li>\n\n\n\n<li>Wenn du uns helfen m\u00f6chtest, das Plugin zu \u00fcbersetzen, kannst du dies\u00a0<a href=\"https:\/\/translate.wordpress.org\/projects\/wp-plugins\/cachify\/\">auf WordPress Translate<\/a> tun.<\/li>\n<\/ul>\n\n\n\n<p><\/p>\n","protected":false},"excerpt":{"rendered":"<p>Cachify optimiert die Ladezeiten der Seite, indem Beitr\u00e4ge, Seiten und individuellen Inhaltstypen als statische Inhalte zwischengespeichert werden. Du kannst zwischen der Datenbank, der Web-Server-Festplatte (HDD) und Memcached oder Redis als externem Memory Cache w\u00e4hlen. Jedes Mal, wenn eine Seite oder Beitrag geladen wird, kann es direkt aus dem Zwischenspeicher geladen werden. Die Menge der Datenbankabfragen &hellip;<\/p>\n","protected":false},"author":1,"featured_media":0,"parent":0,"menu_order":0,"comment_status":"closed","ping_status":"closed","template":"","meta":{"footnotes":""},"class_list":["post-6","page","type-page","status-publish","hentry","post","without-featured-image"],"_links":{"self":[{"href":"https:\/\/cachify.pluginkollektiv.org\/de\/wp-json\/wp\/v2\/pages\/6","targetHints":{"allow":["GET"]}}],"collection":[{"href":"https:\/\/cachify.pluginkollektiv.org\/de\/wp-json\/wp\/v2\/pages"}],"about":[{"href":"https:\/\/cachify.pluginkollektiv.org\/de\/wp-json\/wp\/v2\/types\/page"}],"author":[{"embeddable":true,"href":"https:\/\/cachify.pluginkollektiv.org\/de\/wp-json\/wp\/v2\/users\/1"}],"replies":[{"embeddable":true,"href":"https:\/\/cachify.pluginkollektiv.org\/de\/wp-json\/wp\/v2\/comments?post=6"}],"version-history":[{"count":12,"href":"https:\/\/cachify.pluginkollektiv.org\/de\/wp-json\/wp\/v2\/pages\/6\/revisions"}],"predecessor-version":[{"id":203,"href":"https:\/\/cachify.pluginkollektiv.org\/de\/wp-json\/wp\/v2\/pages\/6\/revisions\/203"}],"wp:attachment":[{"href":"https:\/\/cachify.pluginkollektiv.org\/de\/wp-json\/wp\/v2\/media?parent=6"}],"curies":[{"name":"wp","href":"https:\/\/api.w.org\/{rel}","templated":true}]}}